{"id":1736,"date":"2025-03-10T08:17:24","date_gmt":"2025-03-10T13:17:24","guid":{"rendered":"https:\/\/hotelverano.com.co\/site\/?page_id=1736"},"modified":"2026-01-02T09:39:34","modified_gmt":"2026-01-02T14:39:34","slug":"ocupacion-doble-1-cama","status":"publish","type":"page","link":"https:\/\/hotelverano.com.co\/site\/ocupacion-doble-1-cama\/","title":{"rendered":"Ocupaci\u00f3n Doble &#8211; 1 Cama"},"content":{"rendered":"<div id=\"pl-1736\"  class=\"panel-layout\" ><div id=\"pg-1736-0\"  class=\"panel-grid panel-has-style\" ><div class=\"siteorigin-panels-stretch panel-row-style panel-row-style-for-1736-0\" data-stretch-type=\"full\" ><div id=\"pgc-1736-0-0\"  class=\"panel-grid-cell\" ><div id=\"panel-1736-0-0-0\" class=\"so-panel widget widget_themegrill_flash_slider tg-section tg-slider-widget panel-first-child\" data-index=\"0\" ><div class=\"tg-slider-widget slider-light slider-content-center slider-control-center full-width\">\n\t<div class=\"swiper-container\">\n\t\t<div class=\"swiper-wrapper\">\n\t\t\t\n\t\t\t\t\t<div class=\"swiper-slide\">\n\t\t\t\t\t\t<figure class=\"slider-image\" >\n\t\t\t\t\t\t\t<img width=\"1920\" height=\"1280\"\t\t\t\t\t\t\t\t\tsrc=\"https:\/\/hotelverano.com.co\/site\/wp-content\/uploads\/2025\/03\/1-192A.jpg\"\n\t\t\t\t\t\t\t\t\talt=\"\"\n\t\t\t\t\t\t\t\t\ttitle=\"\"\/>\n\t\t\t\t\t\t\t<div class=\"overlay\"><\/div>\n\t\t\t\t\t\t<\/figure>\n\t\t\t\t\t\t<div class=\"slider-content\">\n\t\t\t\t\t\t\t<div class=\"tg-container\">\n\t\t\t\t\t\t\t\t<div class=\"caption-title\"><\/div>\n\t\t\t\t\t\t\t\t<div class=\"caption-desc\"><\/div>\n\t\t\t\t\t\t\t\t\t\t\t\t\t\t\t<\/div>\n\t\t\t\t\t\t<\/div>\n\t\t\t\t\t<\/div>\n\n\t\t\t\t\n\t\t\t\t\t<div class=\"swiper-slide\">\n\t\t\t\t\t\t<figure class=\"slider-image\" >\n\t\t\t\t\t\t\t<img width=\"1920\" height=\"1280\"\t\t\t\t\t\t\t\t\tsrc=\"https:\/\/hotelverano.com.co\/site\/wp-content\/uploads\/2025\/03\/1-180A.jpg\"\n\t\t\t\t\t\t\t\t\talt=\"\"\n\t\t\t\t\t\t\t\t\ttitle=\"\"\/>\n\t\t\t\t\t\t\t<div class=\"overlay\"><\/div>\n\t\t\t\t\t\t<\/figure>\n\t\t\t\t\t\t<div class=\"slider-content\">\n\t\t\t\t\t\t\t<div class=\"tg-container\">\n\t\t\t\t\t\t\t\t<div class=\"caption-title\"><\/div>\n\t\t\t\t\t\t\t\t<div class=\"caption-desc\"><\/div>\n\t\t\t\t\t\t\t\t\t\t\t\t\t\t\t<\/div>\n\t\t\t\t\t\t<\/div>\n\t\t\t\t\t<\/div>\n\n\t\t\t\t\n\t\t\t\t\t<div class=\"swiper-slide\">\n\t\t\t\t\t\t<figure class=\"slider-image\" >\n\t\t\t\t\t\t\t<img width=\"1920\" height=\"1280\"\t\t\t\t\t\t\t\t\tsrc=\"https:\/\/hotelverano.com.co\/site\/wp-content\/uploads\/2025\/03\/1-182A.jpg\"\n\t\t\t\t\t\t\t\t\talt=\"\"\n\t\t\t\t\t\t\t\t\ttitle=\"\"\/>\n\t\t\t\t\t\t\t<div class=\"overlay\"><\/div>\n\t\t\t\t\t\t<\/figure>\n\t\t\t\t\t\t<div class=\"slider-content\">\n\t\t\t\t\t\t\t<div class=\"tg-container\">\n\t\t\t\t\t\t\t\t<div class=\"caption-title\"><\/div>\n\t\t\t\t\t\t\t\t<div class=\"caption-desc\"><\/div>\n\t\t\t\t\t\t\t\t\t\t\t\t\t\t\t<\/div>\n\t\t\t\t\t\t<\/div>\n\t\t\t\t\t<\/div>\n\n\t\t\t\t\t\t<\/div>\n\t\t<div class=\"swiper-pagination\"><\/div>\n\t\t<div class=\"slider-arrow\">\n\t\t\t<div class=\"swiper-button-next\"><\/div>\n\t\t\t<div class=\"swiper-button-prev\"><\/div>\n\t\t<\/div>\n\t<\/div>\n<\/div>\n<\/div><div id=\"panel-1736-0-0-1\" class=\"so-panel widget widget_siteorigin-panels-builder panel-last-child\" data-index=\"1\" ><div id=\"pl-w67d1bee3e8138\"  class=\"panel-layout\" ><div id=\"pg-w67d1bee3e8138-0\"  class=\"panel-grid panel-has-style\" ><div class=\"panel-row-style panel-row-style-for-w67d1bee3e8138-0\" ><div id=\"pgc-w67d1bee3e8138-0-0\"  class=\"panel-grid-cell\" ><div id=\"panel-w67d1bee3e8138-0-0-0\" class=\"so-panel widget widget_media_image panel-first-child panel-last-child\" data-index=\"0\" ><img loading=\"lazy\" decoding=\"async\" width=\"150\" height=\"150\" src=\"https:\/\/hotelverano.com.co\/site\/wp-content\/uploads\/2025\/01\/cama.png\" class=\"image wp-image-1395  attachment-full size-full\" alt=\"\" style=\"max-width: 100%; height: auto;\" srcset=\"https:\/\/hotelverano.com.co\/site\/wp-content\/uploads\/2025\/01\/cama.png 150w, https:\/\/hotelverano.com.co\/site\/wp-content\/uploads\/2025\/01\/cama-100x100.png 100w\" sizes=\"auto, (max-width: 150px) 100vw, 150px\" \/><\/div><\/div><div id=\"pgc-w67d1bee3e8138-0-1\"  class=\"panel-grid-cell\" ><div id=\"panel-w67d1bee3e8138-0-1-0\" class=\"so-panel widget widget_media_image panel-first-child panel-last-child\" data-index=\"1\" ><img loading=\"lazy\" decoding=\"async\" width=\"150\" height=\"150\" src=\"https:\/\/hotelverano.com.co\/site\/wp-content\/uploads\/2025\/01\/dim.png\" class=\"image wp-image-1397  attachment-full size-full\" alt=\"\" style=\"max-width: 100%; height: auto;\" srcset=\"https:\/\/hotelverano.com.co\/site\/wp-content\/uploads\/2025\/01\/dim.png 150w, https:\/\/hotelverano.com.co\/site\/wp-content\/uploads\/2025\/01\/dim-100x100.png 100w\" sizes=\"auto, (max-width: 150px) 100vw, 150px\" \/><\/div><\/div><div id=\"pgc-w67d1bee3e8138-0-2\"  class=\"panel-grid-cell\" ><div id=\"panel-w67d1bee3e8138-0-2-0\" class=\"so-panel widget widget_media_image panel-first-child panel-last-child\" data-index=\"2\" ><img loading=\"lazy\" decoding=\"async\" width=\"150\" height=\"150\" src=\"https:\/\/hotelverano.com.co\/site\/wp-content\/uploads\/2025\/01\/aire-1.png\" class=\"image wp-image-1394  attachment-full size-full\" alt=\"\" style=\"max-width: 100%; height: auto;\" srcset=\"https:\/\/hotelverano.com.co\/site\/wp-content\/uploads\/2025\/01\/aire-1.png 150w, https:\/\/hotelverano.com.co\/site\/wp-content\/uploads\/2025\/01\/aire-1-100x100.png 100w\" sizes=\"auto, (max-width: 150px) 100vw, 150px\" \/><\/div><\/div><div id=\"pgc-w67d1bee3e8138-0-3\"  class=\"panel-grid-cell\" ><div id=\"panel-w67d1bee3e8138-0-3-0\" class=\"so-panel widget widget_media_image panel-first-child panel-last-child\" data-index=\"3\" ><img loading=\"lazy\" decoding=\"async\" width=\"150\" height=\"150\" src=\"https:\/\/hotelverano.com.co\/site\/wp-content\/uploads\/2025\/01\/tv.png\" class=\"image wp-image-1392  attachment-full size-full\" alt=\"\" style=\"max-width: 100%; height: auto;\" srcset=\"https:\/\/hotelverano.com.co\/site\/wp-content\/uploads\/2025\/01\/tv.png 150w, https:\/\/hotelverano.com.co\/site\/wp-content\/uploads\/2025\/01\/tv-100x100.png 100w\" sizes=\"auto, (max-width: 150px) 100vw, 150px\" \/><\/div><\/div><div id=\"pgc-w67d1bee3e8138-0-4\"  class=\"panel-grid-cell\" ><div id=\"panel-w67d1bee3e8138-0-4-0\" class=\"so-panel widget widget_media_image panel-first-child panel-last-child\" data-index=\"4\" ><img loading=\"lazy\" decoding=\"async\" width=\"150\" height=\"150\" src=\"https:\/\/hotelverano.com.co\/site\/wp-content\/uploads\/2025\/01\/table.png\" class=\"image wp-image-1402  attachment-full size-full\" alt=\"\" style=\"max-width: 100%; height: auto;\" srcset=\"https:\/\/hotelverano.com.co\/site\/wp-content\/uploads\/2025\/01\/table.png 150w, https:\/\/hotelverano.com.co\/site\/wp-content\/uploads\/2025\/01\/table-100x100.png 100w\" sizes=\"auto, (max-width: 150px) 100vw, 150px\" \/><\/div><\/div><div id=\"pgc-w67d1bee3e8138-0-5\"  class=\"panel-grid-cell\" ><div id=\"panel-w67d1bee3e8138-0-5-0\" class=\"so-panel widget widget_media_image panel-first-child panel-last-child\" data-index=\"5\" ><img loading=\"lazy\" decoding=\"async\" width=\"150\" height=\"150\" src=\"https:\/\/hotelverano.com.co\/site\/wp-content\/uploads\/2025\/01\/ducha.png\" class=\"image wp-image-1398  attachment-full size-full\" alt=\"\" style=\"max-width: 100%; height: auto;\" srcset=\"https:\/\/hotelverano.com.co\/site\/wp-content\/uploads\/2025\/01\/ducha.png 150w, https:\/\/hotelverano.com.co\/site\/wp-content\/uploads\/2025\/01\/ducha-100x100.png 100w\" sizes=\"auto, (max-width: 150px) 100vw, 150px\" \/><\/div><\/div><div id=\"pgc-w67d1bee3e8138-0-6\"  class=\"panel-grid-cell\" ><div id=\"panel-w67d1bee3e8138-0-6-0\" class=\"so-panel widget widget_media_image panel-first-child panel-last-child\" data-index=\"6\" ><img loading=\"lazy\" decoding=\"async\" width=\"150\" height=\"150\" src=\"https:\/\/hotelverano.com.co\/site\/wp-content\/uploads\/2025\/01\/wifi.png\" class=\"image wp-image-1393  attachment-full size-full\" alt=\"\" style=\"max-width: 100%; height: auto;\" srcset=\"https:\/\/hotelverano.com.co\/site\/wp-content\/uploads\/2025\/01\/wifi.png 150w, https:\/\/hotelverano.com.co\/site\/wp-content\/uploads\/2025\/01\/wifi-100x100.png 100w\" sizes=\"auto, (max-width: 150px) 100vw, 150px\" \/><\/div><\/div><div id=\"pgc-w67d1bee3e8138-0-7\"  class=\"panel-grid-cell\" ><div id=\"panel-w67d1bee3e8138-0-7-0\" class=\"so-panel widget widget_media_image panel-first-child panel-last-child\" data-index=\"7\" ><img loading=\"lazy\" decoding=\"async\" width=\"150\" height=\"150\" src=\"https:\/\/hotelverano.com.co\/site\/wp-content\/uploads\/2025\/01\/closet.png\" class=\"image wp-image-1396  attachment-full size-full\" alt=\"\" style=\"max-width: 100%; height: auto;\" srcset=\"https:\/\/hotelverano.com.co\/site\/wp-content\/uploads\/2025\/01\/closet.png 150w, https:\/\/hotelverano.com.co\/site\/wp-content\/uploads\/2025\/01\/closet-100x100.png 100w\" sizes=\"auto, (max-width: 150px) 100vw, 150px\" \/><\/div><\/div><div id=\"pgc-w67d1bee3e8138-0-8\"  class=\"panel-grid-cell\" ><div id=\"panel-w67d1bee3e8138-0-8-0\" class=\"so-panel widget widget_media_image panel-first-child panel-last-child\" data-index=\"8\" ><img loading=\"lazy\" decoding=\"async\" width=\"150\" height=\"150\" src=\"https:\/\/hotelverano.com.co\/site\/wp-content\/uploads\/2025\/01\/lamp.png\" class=\"image wp-image-1400  attachment-full size-full\" alt=\"\" style=\"max-width: 100%; height: auto;\" srcset=\"https:\/\/hotelverano.com.co\/site\/wp-content\/uploads\/2025\/01\/lamp.png 150w, https:\/\/hotelverano.com.co\/site\/wp-content\/uploads\/2025\/01\/lamp-100x100.png 100w\" sizes=\"auto, (max-width: 150px) 100vw, 150px\" \/><\/div><\/div><\/div><\/div><div id=\"pg-w67d1bee3e8138-1\"  class=\"panel-grid panel-has-style\" ><div class=\"panel-row-style panel-row-style-for-w67d1bee3e8138-1\" ><div id=\"pgc-w67d1bee3e8138-1-0\"  class=\"panel-grid-cell\" ><div id=\"panel-w67d1bee3e8138-1-0-0\" class=\"so-panel widget widget_media_image panel-first-child panel-last-child\" data-index=\"9\" ><img loading=\"lazy\" decoding=\"async\" width=\"780\" height=\"98\" src=\"https:\/\/hotelverano.com.co\/site\/wp-content\/uploads\/2025\/03\/icons-1024x128.jpg\" class=\"image wp-image-1979  attachment-large size-large\" alt=\"\" style=\"max-width: 100%; height: auto;\" srcset=\"https:\/\/hotelverano.com.co\/site\/wp-content\/uploads\/2025\/03\/icons-1024x128.jpg 1024w, https:\/\/hotelverano.com.co\/site\/wp-content\/uploads\/2025\/03\/icons-300x38.jpg 300w, https:\/\/hotelverano.com.co\/site\/wp-content\/uploads\/2025\/03\/icons-768x96.jpg 768w, https:\/\/hotelverano.com.co\/site\/wp-content\/uploads\/2025\/03\/icons-600x75.jpg 600w, https:\/\/hotelverano.com.co\/site\/wp-content\/uploads\/2025\/03\/icons.jpg 1200w\" sizes=\"auto, (max-width: 780px) 100vw, 780px\" \/><\/div><\/div><\/div><\/div><\/div><\/div><\/div><div id=\"pgc-1736-0-1\"  class=\"panel-grid-cell\" ><div class=\"panel-cell-style panel-cell-style-for-1736-0-1\" ><div id=\"panel-1736-0-1-0\" class=\"so-panel widget widget_text panel-first-child\" data-index=\"2\" ><div class=\"panel-widget-style panel-widget-style-for-1736-0-1-0\" >\t\t\t<div class=\"textwidget\"><p>Habitaci\u00f3n dotada con una cama doble para dos persona, ventilador o aire acondicionado, televisor de 32&#8243;, escritorio, guardarropa espacioso y una l\u00e1mpara, ba\u00f1o privado dise\u00f1ado con estilo y funcionalidad, ofrece todo lo necesario para tu higiene personal.<\/p>\n<p>En Hotel Verano, nos aseguramos de que cada detalle est\u00e9 pensado para brindarte una estancia placentera y sin preocupaciones.<\/p>\n<\/div>\n\t\t<\/div><\/div><div id=\"panel-1736-0-1-1\" class=\"so-panel widget widget_siteorigin-panels-builder panel-last-child\" data-index=\"3\" ><div id=\"pl-w6957d8a6d88b6\"  class=\"panel-layout\" ><div id=\"pg-w6957d8a6d88b6-0\"  class=\"panel-grid panel-has-style\" ><div class=\"panel-row-style panel-row-style-for-w6957d8a6d88b6-0\" ><div id=\"pgc-w6957d8a6d88b6-0-0\"  class=\"panel-grid-cell\" ><div id=\"panel-w6957d8a6d88b6-0-0-0\" class=\"so-panel widget widget_text panel-first-child panel-last-child\" data-index=\"0\" ><div class=\"flash_inherit_color panel-widget-style panel-widget-style-for-w6957d8a6d88b6-0-0-0\" >\t\t\t<div class=\"textwidget\"><p><a href=\"https:\/\/wa.me\/+573173837456\" target=\"_blank\" rel=\"noopener\">R E S E R V A \u00a0 A Q U I<\/a><\/p>\n<\/div>\n\t\t<\/div><\/div><\/div><\/div><\/div><\/div><\/div><\/div><\/div><\/div><\/div><div id=\"pg-1736-1\"  class=\"panel-grid panel-no-style\" ><div id=\"pgc-1736-1-0\"  class=\"panel-grid-cell\" ><div id=\"panel-1736-1-0-0\" class=\"so-panel widget widget_text panel-first-child\" data-index=\"4\" >\t\t\t<div class=\"textwidget\"><hr>\n<\/div>\n\t\t<\/div><div id=\"panel-1736-1-0-1\" class=\"so-panel widget widget_text\" data-index=\"5\" ><h3 class=\"widget-title\">Datos importantes del servicio<\/h3>\t\t\t<div class=\"textwidget\"><ul>\n<li><span data-contrast=\"auto\">El servicio es aut\u00f3nomo, el check-in se hace de manera virtual con la informaci\u00f3n de contacto que le solicitaremos.\u00a0<\/span><\/li>\n<li><span data-contrast=\"auto\">En caso de registrarse con menores de edad deber\u00e1 cumplir con las exigencias de las autoridades para el efecto.\u00a0<\/span><\/li>\n<li>El acceso a nuestras instalaciones se hace a trav\u00e9s de claves de acceso que le suministraremos una vez est\u00e9 en firme su reserva. Lo mismo ocurre con el ingreso a su habitaci\u00f3n.<\/li>\n<li>El proceso de checkout es igualmente aut\u00f3nomo y al vencimiento de la clave de acceso esta dejar\u00e1 de servirle para el ingreso a su habitaci\u00f3n.<\/li>\n<li>No est\u00e1 permitido fumar en la habitaci\u00f3n ni en zonas comunes del hotel.<\/li>\n<li>Somos pet friendly. Por favor oc\u00fapese de que sus mascotas no afecten la estad\u00eda de otros hu\u00e9spedes.\u00a0<span data-ccp-props=\"{}\">\u00a0<\/span><\/li>\n<\/ul>\n<\/div>\n\t\t<\/div><div id=\"panel-1736-1-0-2\" class=\"so-panel widget widget_text panel-last-child\" data-index=\"6\" >\t\t\t<div class=\"textwidget\"><hr>\n<\/div>\n\t\t<\/div><\/div><\/div><div id=\"pg-1736-2\"  class=\"panel-grid panel-has-style\" ><div class=\"panel-row-style panel-row-style-for-1736-2\" ><div id=\"pgc-1736-2-0\"  class=\"panel-grid-cell\" ><div id=\"panel-1736-2-0-0\" class=\"so-panel widget widget_text panel-first-child panel-last-child\" data-index=\"7\" ><h3 class=\"widget-title\">Otras habitaciones<\/h3>\t\t\t<div class=\"textwidget\"><\/div>\n\t\t<\/div><\/div><\/div><\/div><div id=\"pg-1736-3\"  class=\"panel-grid panel-has-style\" ><div class=\"siteorigin-panels-stretch panel-row-style panel-row-style-for-1736-3\" data-stretch-type=\"full-width-stretch\" ><div id=\"pgc-1736-3-0\"  class=\"panel-grid-cell\" ><div class=\"panel-cell-style panel-cell-style-for-1736-3-0\" ><div id=\"panel-1736-3-0-0\" class=\"so-panel widget widget_text panel-first-child panel-last-child\" data-index=\"8\" ><div class=\"flash_inherit_color panel-widget-style panel-widget-style-for-1736-3-0-0\" ><h3 class=\"widget-title\">Ocupaci\u00f3n Sencilla<\/h3>\t\t\t<div class=\"textwidget\"><p>&nbsp;<\/p>\n<p>1 Cama doble<br \/>\nAire acondicionado o ventilador<br \/>\nTv de 32&#8243;<br \/>\nEscritorio<br \/>\nBa\u00f1o privado<br \/>\nGuardarropa<br \/>\nL\u00e1mpara junto a la cama<\/p>\n<p><a href=\"https:\/\/hotelverano.com.co\/site\/ocupacion-sencilla\">Ver m\u00e1s&#8230;<\/a><br \/>\n&nbsp;<\/p>\n<\/div>\n\t\t<\/div><\/div><\/div><\/div><div id=\"pgc-1736-3-1\"  class=\"panel-grid-cell\" ><div class=\"panel-cell-style panel-cell-style-for-1736-3-1\" ><div id=\"panel-1736-3-1-0\" class=\"so-panel widget widget_text panel-first-child panel-last-child\" data-index=\"9\" ><div class=\"flash_inherit_color panel-widget-style panel-widget-style-for-1736-3-1-0\" ><h3 class=\"widget-title\">Ocupaci\u00f3n Doble<\/h3>\t\t\t<div class=\"textwidget\"><p>&nbsp;<\/p>\n<p><strong>2 camas \/ 2 personas<\/strong><br \/>\n2 Camas dobles<br \/>\nAire acondicionado<br \/>\nTv de 42&#8243;<br \/>\nEscritorio<br \/>\nBa\u00f1o privado<br \/>\nGuardarropa<br \/>\nL\u00e1mpara junto a la cama<\/p>\n<p><a href=\"https:\/\/hotelverano.com.co\/site\/ocupacion-doble-2-camas\/\">Ver m\u00e1s&#8230;<\/a><\/p>\n<\/div>\n\t\t<\/div><\/div><\/div><\/div><div id=\"pgc-1736-3-2\"  class=\"panel-grid-cell\" ><div class=\"panel-cell-style panel-cell-style-for-1736-3-2\" ><div id=\"panel-1736-3-2-0\" class=\"so-panel widget widget_text panel-first-child panel-last-child\" data-index=\"10\" ><div class=\"flash_inherit_color panel-widget-style panel-widget-style-for-1736-3-2-0\" ><h3 class=\"widget-title\">Ocupaci\u00f3n M\u00faltiple<\/h3>\t\t\t<div class=\"textwidget\"><p>&nbsp;<\/p>\n<p><strong>3 personas<\/strong><br \/>\n1 Cama doble &#8211; 1 Cama sencilla<br \/>\nAire acondicionado<br \/>\nTv de 42&#8243;<br \/>\nEscritorio<br \/>\nBa\u00f1o privado<br \/>\nGuardarropa<br \/>\nL\u00e1mpara junto a la cama<\/p>\n<p><a href=\"https:\/\/hotelverano.com.co\/site\/ocupacion-multiple\">Ver m\u00e1s&#8230;<\/a><\/p>\n<\/div>\n\t\t<\/div><\/div><\/div><\/div><div id=\"pgc-1736-3-3\"  class=\"panel-grid-cell\" ><div class=\"panel-cell-style panel-cell-style-for-1736-3-3\" ><div id=\"panel-1736-3-3-0\" class=\"so-panel widget widget_text panel-first-child panel-last-child\" data-index=\"11\" ><div class=\"flash_inherit_color panel-widget-style panel-widget-style-for-1736-3-3-0\" ><h3 class=\"widget-title\">Ocupaci\u00f3n Triple<\/h3>\t\t\t<div class=\"textwidget\"><p>&nbsp;<\/p>\n<p>1 Cama doble<br \/>\n1 Camarote<br \/>\nAire acondicionado<br \/>\nTv de 42&#8243;<br \/>\nEscritorio<br \/>\nBa\u00f1o privado<br \/>\nGuardarropa<br \/>\nL\u00e1mpara junto a la cama<\/p>\n<p><a href=\"https:\/\/hotelverano.com.co\/site\/ocupacion-triple\/\">Ver m\u00e1s&#8230;<\/a><\/p>\n<\/div>\n\t\t<\/div><\/div><\/div><\/div><div id=\"pgc-1736-3-4\"  class=\"panel-grid-cell\" ><div class=\"panel-cell-style panel-cell-style-for-1736-3-4\" ><div id=\"panel-1736-3-4-0\" class=\"so-panel widget widget_text panel-first-child panel-last-child\" data-index=\"12\" ><div class=\"flash_inherit_color panel-widget-style panel-widget-style-for-1736-3-4-0\" ><h3 class=\"widget-title\">Familiar<\/h3>\t\t\t<div class=\"textwidget\"><p>&nbsp;<\/p>\n<p><strong>4 personas<\/strong><br \/>\nCama doble y un camarote<br \/>\nAire acondicionado<br \/>\nTv de 42&#8243;<br \/>\nEscritorio<br \/>\nBa\u00f1o privado<br \/>\nGuardarropa<br \/>\nL\u00e1mpara junto a la cama<\/p>\n<p><a href=\"https:\/\/hotelverano.com.co\/site\/familiar\/\">Ver m\u00e1s&#8230;<\/a><\/p>\n<\/div>\n\t\t<\/div><\/div><\/div><\/div><\/div><\/div><\/div>","protected":false},"excerpt":{"rendered":"<p>Habitaci\u00f3n dotada con una cama doble para dos persona, ventilador o aire acondicionado, televisor de 32&#8243;, escritorio, guardarropa espacioso y [&hellip;]<\/p>\n","protected":false},"author":1,"featured_media":0,"parent":0,"menu_order":0,"comment_status":"closed","ping_status":"closed","template":"page-templates\/pagebuilder.php","meta":{"footnotes":""},"class_list":["post-1736","page","type-page","status-publish","hentry"],"_links":{"self":[{"href":"https:\/\/hotelverano.com.co\/site\/wp-json\/wp\/v2\/pages\/1736","targetHints":{"allow":["GET"]}}],"collection":[{"href":"https:\/\/hotelverano.com.co\/site\/wp-json\/wp\/v2\/pages"}],"about":[{"href":"https:\/\/hotelverano.com.co\/site\/wp-json\/wp\/v2\/types\/page"}],"author":[{"embeddable":true,"href":"https:\/\/hotelverano.com.co\/site\/wp-json\/wp\/v2\/users\/1"}],"replies":[{"embeddable":true,"href":"https:\/\/hotelverano.com.co\/site\/wp-json\/wp\/v2\/comments?post=1736"}],"version-history":[{"count":19,"href":"https:\/\/hotelverano.com.co\/site\/wp-json\/wp\/v2\/pages\/1736\/revisions"}],"predecessor-version":[{"id":2004,"href":"https:\/\/hotelverano.com.co\/site\/wp-json\/wp\/v2\/pages\/1736\/revisions\/2004"}],"wp:attachment":[{"href":"https:\/\/hotelverano.com.co\/site\/wp-json\/wp\/v2\/media?parent=1736"}],"curies":[{"name":"wp","href":"https:\/\/api.w.org\/{rel}","templated":true}]}}