{"id":1483,"date":"2025-01-15T08:01:42","date_gmt":"2025-01-15T13:01:42","guid":{"rendered":"https:\/\/hotelverano.com.co\/site\/?page_id=1483"},"modified":"2025-03-09T20:16:40","modified_gmt":"2025-03-10T01:16:40","slug":"contactenos","status":"publish","type":"page","link":"https:\/\/hotelverano.com.co\/site\/contactenos\/","title":{"rendered":"Cont\u00e1ctenos"},"content":{"rendered":"<div id=\"pl-1483\"  class=\"panel-layout\" ><div id=\"pg-1483-0\"  class=\"panel-grid panel-has-style\" ><div class=\"panel-row-style panel-row-style-for-1483-0\" ><div id=\"pgc-1483-0-0\"  class=\"panel-grid-cell\" ><div id=\"panel-1483-0-0-0\" class=\"so-panel widget widget_text panel-first-child panel-last-child\" data-index=\"0\" ><div class=\"panel-widget-style panel-widget-style-for-1483-0-0-0\" ><h3 class=\"widget-title\">\u00bfTienes alguna pregunta o necesitas m\u00e1s informaci\u00f3n?<\/h3>\t\t\t<div class=\"textwidget\"><\/div>\n\t\t<\/div><\/div><\/div><\/div><\/div><div id=\"pg-1483-1\"  class=\"panel-grid panel-has-style\" ><div class=\"panel-row-style panel-row-style-for-1483-1\" ><div id=\"pgc-1483-1-0\"  class=\"panel-grid-cell\" ><div id=\"panel-1483-1-0-0\" class=\"so-panel widget widget_text panel-first-child panel-last-child\" data-index=\"1\" ><div class=\"panel-widget-style panel-widget-style-for-1483-1-0-0\" >\t\t\t<div class=\"textwidget\"><p>Estamos aqu\u00ed para ayudarte. No dudes en contactarnos a trav\u00e9s de cualquiera de nuestros medios:<\/p>\n<p>Correo Electr\u00f3nico: <a href=\"mailto:info@hotelverano.com.co\">info@hotelverano.com.co<\/a><br \/>\nWhatsapp: <a href=\"https:\/\/wa.me\/573173837456\" target=\"_blank\" rel=\"noopener\"><i class=\"fa fa-whatsapp\"><\/i> +317 383 7456<\/a><\/p>\n<p>Nuestro equipo est\u00e1 disponible las 24 horas del d\u00eda, los 7 d\u00edas de la semana, para asegurarse de que tu estancia sea perfecta.<\/p>\n<p><strong>\u00a1Esperamos darte la bienvenida pronto!<\/strong><\/p>\n<\/div>\n\t\t<\/div><\/div><\/div><div id=\"pgc-1483-1-1\"  class=\"panel-grid-cell\" ><div id=\"panel-1483-1-1-0\" class=\"so-panel widget widget_text panel-first-child panel-last-child\" data-index=\"2\" ><div id=\"contactenos\" class=\"panel-widget-style panel-widget-style-for-1483-1-1-0\" >\t\t\t<div class=\"textwidget\">\n<div class=\"wpcf7 no-js\" id=\"wpcf7-f885-o1\" lang=\"es-CO\" dir=\"ltr\" data-wpcf7-id=\"885\">\n<div class=\"screen-reader-response\"><p role=\"status\" aria-live=\"polite\" aria-atomic=\"true\"><\/p> <ul><\/ul><\/div>\n<form action=\"\/site\/wp-json\/wp\/v2\/pages\/1483#wpcf7-f885-o1\" method=\"post\" class=\"wpcf7-form init\" aria-label=\"Formulario de contacto\" novalidate=\"novalidate\" data-status=\"init\">\n<div style=\"display: none;\">\n<input type=\"hidden\" name=\"_wpcf7\" value=\"885\" \/>\n<input type=\"hidden\" name=\"_wpcf7_version\" value=\"6.0.3\" \/>\n<input type=\"hidden\" name=\"_wpcf7_locale\" value=\"es_CO\" \/>\n<input type=\"hidden\" name=\"_wpcf7_unit_tag\" value=\"wpcf7-f885-o1\" \/>\n<input type=\"hidden\" name=\"_wpcf7_container_post\" value=\"0\" \/>\n<input type=\"hidden\" name=\"_wpcf7_posted_data_hash\" value=\"\" \/>\n<\/div>\n<p><label><span class=\"wpcf7-form-control-wrap\" data-name=\"your-name\"><input size=\"40\" maxlength=\"400\" class=\"wpcf7-form-control wpcf7-text wpcf7-validates-as-required\" autocomplete=\"name\" aria-required=\"true\" aria-invalid=\"false\" value=\"Nombre\" type=\"text\" name=\"your-name\" \/><\/span> <\/label><br \/>\n<label><span class=\"wpcf7-form-control-wrap\" data-name=\"your-email\"><input size=\"40\" maxlength=\"400\" class=\"wpcf7-form-control wpcf7-email wpcf7-validates-as-required wpcf7-text wpcf7-validates-as-email\" autocomplete=\"email\" aria-required=\"true\" aria-invalid=\"false\" value=\"Correo electr\u00f3nico\" type=\"email\" name=\"your-email\" \/><\/span> <\/label><br \/>\n<label><span class=\"wpcf7-form-control-wrap\" data-name=\"your-subject\"><input size=\"40\" maxlength=\"400\" class=\"wpcf7-form-control wpcf7-text wpcf7-validates-as-required\" aria-required=\"true\" aria-invalid=\"false\" value=\"Asunto\" type=\"text\" name=\"your-subject\" \/><\/span> <\/label><br \/>\n<label><span class=\"wpcf7-form-control-wrap\" data-name=\"your-message\"><textarea cols=\"40\" rows=\"10\" maxlength=\"2000\" class=\"wpcf7-form-control wpcf7-textarea\" aria-invalid=\"false\" name=\"your-message\">Mensaje<\/textarea><\/span> <\/label>\n<\/p>\n<p><input class=\"wpcf7-form-control wpcf7-submit has-spinner\" type=\"submit\" value=\"Enviar\" \/>\n<\/p><div class=\"wpcf7-response-output\" aria-hidden=\"true\"><\/div>\n<\/form>\n<\/div>\n\n<\/div>\n\t\t<\/div><\/div><\/div><\/div><\/div><div id=\"pg-1483-2\"  class=\"panel-grid panel-has-style\" ><div class=\"siteorigin-panels-stretch panel-row-style panel-row-style-for-1483-2\" id=\"mapa\" data-stretch-type=\"full-width-stretch\" ><div id=\"pgc-1483-2-0\"  class=\"panel-grid-cell\" ><div class=\"panel-cell-style panel-cell-style-for-1483-2-0\" ><div id=\"panel-1483-2-0-0\" class=\"widget_text so-panel widget widget_custom_html panel-first-child panel-last-child\" data-index=\"3\" ><div class=\"textwidget custom-html-widget\"><iframe src=\"https:\/\/www.google.com\/maps\/embed?pb=!1m18!1m12!1m3!1d497.2341077214296!2d-75.22959439692437!3d4.434767935935477!2m3!1f0!2f0!3f0!3m2!1i1024!2i768!4f13.1!3m3!1m2!1s0x8e38c48252d3ffff%3A0x5324d3ac982a476!2sHotel%20Verano!5e0!3m2!1ses-419!2sco!4v1736297222800!5m2!1ses-419!2sco\" width=\"100%\" height=\"410\" style=\"border:0;\" allowfullscreen=\"\" loading=\"lazy\" referrerpolicy=\"no-referrer-when-downgrade\"><\/iframe><\/div><\/div><\/div><\/div><\/div><\/div><\/div>","protected":false},"excerpt":{"rendered":"<p>Estamos aqu\u00ed para ayudarte. No dudes en contactarnos a trav\u00e9s de cualquiera de nuestros medios: Correo Electr\u00f3nico: info@hotelverano.com.co Whatsapp: +317 [&hellip;]<\/p>\n","protected":false},"author":1,"featured_media":0,"parent":0,"menu_order":0,"comment_status":"closed","ping_status":"closed","template":"page-templates\/pagebuilder.php","meta":{"footnotes":""},"class_list":["post-1483","page","type-page","status-publish","hentry"],"_links":{"self":[{"href":"https:\/\/hotelverano.com.co\/site\/wp-json\/wp\/v2\/pages\/1483","targetHints":{"allow":["GET"]}}],"collection":[{"href":"https:\/\/hotelverano.com.co\/site\/wp-json\/wp\/v2\/pages"}],"about":[{"href":"https:\/\/hotelverano.com.co\/site\/wp-json\/wp\/v2\/types\/page"}],"author":[{"embeddable":true,"href":"https:\/\/hotelverano.com.co\/site\/wp-json\/wp\/v2\/users\/1"}],"replies":[{"embeddable":true,"href":"https:\/\/hotelverano.com.co\/site\/wp-json\/wp\/v2\/comments?post=1483"}],"version-history":[{"count":12,"href":"https:\/\/hotelverano.com.co\/site\/wp-json\/wp\/v2\/pages\/1483\/revisions"}],"predecessor-version":[{"id":1708,"href":"https:\/\/hotelverano.com.co\/site\/wp-json\/wp\/v2\/pages\/1483\/revisions\/1708"}],"wp:attachment":[{"href":"https:\/\/hotelverano.com.co\/site\/wp-json\/wp\/v2\/media?parent=1483"}],"curies":[{"name":"wp","href":"https:\/\/api.w.org\/{rel}","templated":true}]}}